{"id":79,"date":"2019-06-26T00:06:34","date_gmt":"2019-06-25T22:06:34","guid":{"rendered":"https:\/\/downstairs-transfor.000webhostapp.com\/?page_id=79"},"modified":"2020-07-03T18:34:58","modified_gmt":"2020-07-03T18:34:58","slug":"nuestro-perfil","status":"publish","type":"page","link":"https:\/\/chavezsalinas.com\/index.php\/nuestro-perfil\/","title":{"rendered":"Nuestro Perfil"},"content":{"rendered":"\n<p style=\"text-align: justify;\">Ofrecemos atenci\u00f3n personalizada, de alto conocimiento t\u00e9cnico, basada en el estudio meticuloso de cada asunto, lo que permite lograr la soluci\u00f3n m\u00e1s favorable para los intereses de nuestros clientes.<\/p>\n\n\n\n<div class=\"wp-block-image\"><figure class=\"aligncenter\"><img fetchpriority=\"high\" decoding=\"async\" width=\"1024\" height=\"768\" src=\"http:\/\/chavezsalinas.com\/wp-content\/uploads\/2019\/06\/NUESTRO-PERFIL-1024x768.png\" alt=\"\" class=\"wp-image-220\" srcset=\"https:\/\/chavezsalinas.com\/wp-content\/uploads\/2019\/06\/NUESTRO-PERFIL.png 1024w, https:\/\/chavezsalinas.com\/wp-content\/uploads\/2019\/06\/NUESTRO-PERFIL-300x225.png 300w, https:\/\/chavezsalinas.com\/wp-content\/uploads\/2019\/06\/NUESTRO-PERFIL-768x576.png 768w\" sizes=\"(max-width: 1024px) 100vw, 1024px\" \/><\/figure><\/div>\n","protected":false},"excerpt":{"rendered":"<p>Ofrecemos atenci\u00f3n personalizada, de alto conocimiento t\u00e9cnico, basada en el estudio meticuloso de cada asunto, lo que permite lograr la soluci\u00f3n m\u00e1s favorable para los intereses de nuestros clientes.<\/p>\n","protected":false},"author":1,"featured_media":0,"parent":0,"menu_order":0,"comment_status":"closed","ping_status":"closed","template":"","meta":{"footnotes":""},"class_list":["post-79","page","type-page","status-publish","hentry"],"yoast_head":"<!-- This site is optimized with the Yoast SEO plugin v14.4.1 - https:\/\/yoast.com\/wordpress\/plugins\/seo\/ -->\n<title>Nuestro Perfil  -<\/title>\n<meta name=\"description\" content=\"Nuestro Perfil  -\" \/>\n<meta name=\"robots\" content=\"index, follow\" \/>\n<meta name=\"googlebot\" content=\"index, follow, max-snippet:-1, max-image-preview:large, max-video-preview:-1\" \/>\n<meta name=\"bingbot\" content=\"index, follow, max-snippet:-1, max-image-preview:large, max-video-preview:-1\" \/>\n<link rel=\"canonical\" href=\"https:\/\/chavezsalinas.com\/index.php\/nuestro-perfil\/\" \/>\n<script type=\"application\/ld+json\" class=\"yoast-schema-graph\">{\"@context\":\"https:\/\/schema.org\",\"@graph\":[{\"@type\":\"WebSite\",\"@id\":\"https:\/\/chavezsalinas.com\/#website\",\"url\":\"https:\/\/chavezsalinas.com\/\",\"name\":\"\",\"description\":\"\",\"potentialAction\":[{\"@type\":\"SearchAction\",\"target\":\"https:\/\/chavezsalinas.com\/?s={search_term_string}\",\"query-input\":\"required name=search_term_string\"}],\"inLanguage\":\"es\"},{\"@type\":\"ImageObject\",\"@id\":\"https:\/\/chavezsalinas.com\/index.php\/nuestro-perfil\/#primaryimage\",\"inLanguage\":\"es\",\"url\":\"http:\/\/chavezsalinas.com\/wp-content\/uploads\/2019\/06\/NUESTRO-PERFIL-1024x768.png\"},{\"@type\":\"WebPage\",\"@id\":\"https:\/\/chavezsalinas.com\/index.php\/nuestro-perfil\/#webpage\",\"url\":\"https:\/\/chavezsalinas.com\/index.php\/nuestro-perfil\/\",\"name\":\"Nuestro Perfil -\",\"isPartOf\":{\"@id\":\"https:\/\/chavezsalinas.com\/#website\"},\"primaryImageOfPage\":{\"@id\":\"https:\/\/chavezsalinas.com\/index.php\/nuestro-perfil\/#primaryimage\"},\"datePublished\":\"2019-06-25T22:06:34+00:00\",\"dateModified\":\"2020-07-03T18:34:58+00:00\",\"description\":\"Nuestro Perfil -\",\"inLanguage\":\"es\",\"potentialAction\":[{\"@type\":\"ReadAction\",\"target\":[\"https:\/\/chavezsalinas.com\/index.php\/nuestro-perfil\/\"]}]}]}<\/script>\n<!-- \/ Yoast SEO plugin. -->","_links":{"self":[{"href":"https:\/\/chavezsalinas.com\/index.php\/wp-json\/wp\/v2\/pages\/79","targetHints":{"allow":["GET"]}}],"collection":[{"href":"https:\/\/chavezsalinas.com\/index.php\/wp-json\/wp\/v2\/pages"}],"about":[{"href":"https:\/\/chavezsalinas.com\/index.php\/wp-json\/wp\/v2\/types\/page"}],"author":[{"embeddable":true,"href":"https:\/\/chavezsalinas.com\/index.php\/wp-json\/wp\/v2\/users\/1"}],"replies":[{"embeddable":true,"href":"https:\/\/chavezsalinas.com\/index.php\/wp-json\/wp\/v2\/comments?post=79"}],"version-history":[{"count":3,"href":"https:\/\/chavezsalinas.com\/index.php\/wp-json\/wp\/v2\/pages\/79\/revisions"}],"predecessor-version":[{"id":672,"href":"https:\/\/chavezsalinas.com\/index.php\/wp-json\/wp\/v2\/pages\/79\/revisions\/672"}],"wp:attachment":[{"href":"https:\/\/chavezsalinas.com\/index.php\/wp-json\/wp\/v2\/media?parent=79"}],"curies":[{"name":"wp","href":"https:\/\/api.w.org\/{rel}","templated":true}]}}