{"id":76,"date":"2019-06-26T00:01:53","date_gmt":"2019-06-25T22:01:53","guid":{"rendered":"https:\/\/downstairs-transfor.000webhostapp.com\/?page_id=76"},"modified":"2020-07-03T18:31:19","modified_gmt":"2020-07-03T18:31:19","slug":"firma","status":"publish","type":"page","link":"https:\/\/chavezsalinas.com\/index.php\/firma\/","title":{"rendered":"Firma"},"content":{"rendered":"\n<p class=\"has-medium-font-size\">\nCH\u00c1VEZ SALINAS ABOGADOS, S.C. \n\n<\/p>\n\n\n\n<p class=\"has-normal-font-size\" style=\"text-align: justify;\">Es una firma que presta servicios profesionales jur\u00eddicos, con especialidad en litigio y en mecanismos alternativos de soluci\u00f3n de controversias. Ante el cambiante entorno legal, nos mantenemos en constante actualizaci\u00f3n, lo que nos posiciona como la opci\u00f3n de asesor\u00eda m\u00e1s confiable, con total apego a los principios \u00e9ticos que rigen nuestra profesi\u00f3n y con la determinaci\u00f3n de alcanzar los objetivos planteados en cada asunto encomendado.<\/p>\n\n\n\n<div class=\"wp-block-image\"><figure class=\"aligncenter\"><img fetchpriority=\"high\" decoding=\"async\" width=\"800\" height=\"600\" src=\"http:\/\/chavezsalinas.com\/wp-content\/uploads\/2019\/06\/FIRMA.jpg\" alt=\"\" class=\"wp-image-219\" srcset=\"https:\/\/chavezsalinas.com\/wp-content\/uploads\/2019\/06\/FIRMA.jpg 800w, https:\/\/chavezsalinas.com\/wp-content\/uploads\/2019\/06\/FIRMA-300x225.jpg 300w, https:\/\/chavezsalinas.com\/wp-content\/uploads\/2019\/06\/FIRMA-768x576.jpg 768w\" sizes=\"(max-width: 800px) 100vw, 800px\" \/><\/figure><\/div>\n","protected":false},"excerpt":{"rendered":"<p>CH\u00c1VEZ SALINAS ABOGADOS, S.C. Es una firma que presta servicios profesionales jur\u00eddicos, con especialidad en litigio y en mecanismos alternativos de soluci\u00f3n de controversias. Ante el cambiante entorno legal, nos &#8230;<\/p>\n","protected":false},"author":1,"featured_media":0,"parent":0,"menu_order":0,"comment_status":"closed","ping_status":"closed","template":"","meta":{"footnotes":""},"class_list":["post-76","page","type-page","status-publish","hentry"],"yoast_head":"<!-- This site is optimized with the Yoast SEO plugin v14.4.1 - https:\/\/yoast.com\/wordpress\/plugins\/seo\/ -->\n<title>Firma  -<\/title>\n<meta name=\"description\" content=\"Firma  -\" \/>\n<meta name=\"robots\" content=\"index, follow\" \/>\n<meta name=\"googlebot\" content=\"index, follow, max-snippet:-1, max-image-preview:large, max-video-preview:-1\" \/>\n<meta name=\"bingbot\" content=\"index, follow, max-snippet:-1, max-image-preview:large, max-video-preview:-1\" \/>\n<link rel=\"canonical\" href=\"https:\/\/chavezsalinas.com\/index.php\/firma\/\" \/>\n<script type=\"application\/ld+json\" class=\"yoast-schema-graph\">{\"@context\":\"https:\/\/schema.org\",\"@graph\":[{\"@type\":\"WebSite\",\"@id\":\"https:\/\/chavezsalinas.com\/#website\",\"url\":\"https:\/\/chavezsalinas.com\/\",\"name\":\"\",\"description\":\"\",\"potentialAction\":[{\"@type\":\"SearchAction\",\"target\":\"https:\/\/chavezsalinas.com\/?s={search_term_string}\",\"query-input\":\"required name=search_term_string\"}],\"inLanguage\":\"es\"},{\"@type\":\"ImageObject\",\"@id\":\"https:\/\/chavezsalinas.com\/index.php\/firma\/#primaryimage\",\"inLanguage\":\"es\",\"url\":\"http:\/\/chavezsalinas.com\/wp-content\/uploads\/2019\/06\/FIRMA.jpg\"},{\"@type\":\"WebPage\",\"@id\":\"https:\/\/chavezsalinas.com\/index.php\/firma\/#webpage\",\"url\":\"https:\/\/chavezsalinas.com\/index.php\/firma\/\",\"name\":\"Firma -\",\"isPartOf\":{\"@id\":\"https:\/\/chavezsalinas.com\/#website\"},\"primaryImageOfPage\":{\"@id\":\"https:\/\/chavezsalinas.com\/index.php\/firma\/#primaryimage\"},\"datePublished\":\"2019-06-25T22:01:53+00:00\",\"dateModified\":\"2020-07-03T18:31:19+00:00\",\"description\":\"Firma -\",\"inLanguage\":\"es\",\"potentialAction\":[{\"@type\":\"ReadAction\",\"target\":[\"https:\/\/chavezsalinas.com\/index.php\/firma\/\"]}]}]}<\/script>\n<!-- \/ Yoast SEO plugin. -->","_links":{"self":[{"href":"https:\/\/chavezsalinas.com\/index.php\/wp-json\/wp\/v2\/pages\/76","targetHints":{"allow":["GET"]}}],"collection":[{"href":"https:\/\/chavezsalinas.com\/index.php\/wp-json\/wp\/v2\/pages"}],"about":[{"href":"https:\/\/chavezsalinas.com\/index.php\/wp-json\/wp\/v2\/types\/page"}],"author":[{"embeddable":true,"href":"https:\/\/chavezsalinas.com\/index.php\/wp-json\/wp\/v2\/users\/1"}],"replies":[{"embeddable":true,"href":"https:\/\/chavezsalinas.com\/index.php\/wp-json\/wp\/v2\/comments?post=76"}],"version-history":[{"count":3,"href":"https:\/\/chavezsalinas.com\/index.php\/wp-json\/wp\/v2\/pages\/76\/revisions"}],"predecessor-version":[{"id":670,"href":"https:\/\/chavezsalinas.com\/index.php\/wp-json\/wp\/v2\/pages\/76\/revisions\/670"}],"wp:attachment":[{"href":"https:\/\/chavezsalinas.com\/index.php\/wp-json\/wp\/v2\/media?parent=76"}],"curies":[{"name":"wp","href":"https:\/\/api.w.org\/{rel}","templated":true}]}}